{"id":199,"date":"2024-06-05T14:57:48","date_gmt":"2024-06-05T12:57:48","guid":{"rendered":"https:\/\/www.omega-info.com\/?page_id=199"},"modified":"2024-06-18T09:47:50","modified_gmt":"2024-06-18T07:47:50","slug":"services","status":"publish","type":"page","link":"https:\/\/www.omega-info.com\/index.php\/services\/","title":{"rendered":"Services"},"content":{"rendered":"\t\t<div data-elementor-type=\"wp-page\" data-elementor-id=\"199\" class=\"elementor elementor-199\" data-elementor-post-type=\"page\">\n\t\t\t\t<div class=\"elementor-element elementor-element-d71821c e-grid e-con-boxed e-con e-parent\" data-id=\"d71821c\" data-element_type=\"container\" data-e-type=\"container\">\n\t\t\t\t\t<div class=\"e-con-inner\">\n\t\t\t\t<div class=\"elementor-element elementor-element-959c4d9 e-transform e-transform elementor-widget elementor-widget-text-editor\" data-id=\"959c4d9\" data-element_type=\"widget\" data-e-type=\"widget\" data-settings=\"{&quot;_transform_scale_effect_hover&quot;:{&quot;unit&quot;:&quot;px&quot;,&quot;size&quot;:1.1,&quot;sizes&quot;:[]},&quot;_transform_rotateZ_effect_hover&quot;:{&quot;unit&quot;:&quot;px&quot;,&quot;size&quot;:&quot;&quot;,&quot;sizes&quot;:[]},&quot;_transform_rotateZ_effect_hover_laptop&quot;:{&quot;unit&quot;:&quot;deg&quot;,&quot;size&quot;:&quot;&quot;,&quot;sizes&quot;:[]},&quot;_transform_rotateZ_effect_hover_tablet&quot;:{&quot;unit&quot;:&quot;deg&quot;,&quot;size&quot;:&quot;&quot;,&quot;sizes&quot;:[]},&quot;_transform_rotateZ_effect_hover_mobile&quot;:{&quot;unit&quot;:&quot;deg&quot;,&quot;size&quot;:&quot;&quot;,&quot;sizes&quot;:[]},&quot;_transform_scale_effect_hover_laptop&quot;:{&quot;unit&quot;:&quot;px&quot;,&quot;size&quot;:&quot;&quot;,&quot;sizes&quot;:[]},&quot;_transform_scale_effect_hover_tablet&quot;:{&quot;unit&quot;:&quot;px&quot;,&quot;size&quot;:&quot;&quot;,&quot;sizes&quot;:[]},&quot;_transform_scale_effect_hover_mobile&quot;:{&quot;unit&quot;:&quot;px&quot;,&quot;size&quot;:&quot;&quot;,&quot;sizes&quot;:[]}}\" data-widget_type=\"text-editor.default\">\n\t\t\t\t<div class=\"elementor-widget-container\">\n\t\t\t\t\t\t\t\t\t<p style=\"text-align: center;\"><span style=\"color: #a51a1a;\"><strong>Maintenance et R\u00e9paration<\/strong><\/span><\/p><ul><li><strong>Diagnostic et R\u00e9paration<\/strong>\u00a0:<br \/>Identification rapide des probl\u00e8mes et r\u00e9paration efficace pour minimiser les interruptions.<\/li><li><strong>Entretien Pr\u00e9ventif<\/strong>\u00a0:<br \/>Services de maintenance r\u00e9guli\u00e8re pour assurer le bon fonctionnement et la long\u00e9vit\u00e9 de votre \u00e9quipement.<\/li><li><strong>Assistance \u00e0 Distance<\/strong>\u00a0:<br \/>R\u00e9solution des probl\u00e8mes logiciels et assistance technique via des outils de prise en main \u00e0 distance.<\/li><\/ul>\t\t\t\t\t\t\t\t<\/div>\n\t\t\t\t<\/div>\n\t\t\t\t<div class=\"elementor-element elementor-element-38fe249 e-transform e-transform elementor-widget elementor-widget-text-editor\" data-id=\"38fe249\" data-element_type=\"widget\" data-e-type=\"widget\" data-settings=\"{&quot;_transform_scale_effect_hover&quot;:{&quot;unit&quot;:&quot;px&quot;,&quot;size&quot;:1.1,&quot;sizes&quot;:[]},&quot;_transform_rotateZ_effect_hover&quot;:{&quot;unit&quot;:&quot;px&quot;,&quot;size&quot;:&quot;&quot;,&quot;sizes&quot;:[]},&quot;_transform_rotateZ_effect_hover_laptop&quot;:{&quot;unit&quot;:&quot;deg&quot;,&quot;size&quot;:&quot;&quot;,&quot;sizes&quot;:[]},&quot;_transform_rotateZ_effect_hover_tablet&quot;:{&quot;unit&quot;:&quot;deg&quot;,&quot;size&quot;:&quot;&quot;,&quot;sizes&quot;:[]},&quot;_transform_rotateZ_effect_hover_mobile&quot;:{&quot;unit&quot;:&quot;deg&quot;,&quot;size&quot;:&quot;&quot;,&quot;sizes&quot;:[]},&quot;_transform_scale_effect_hover_laptop&quot;:{&quot;unit&quot;:&quot;px&quot;,&quot;size&quot;:&quot;&quot;,&quot;sizes&quot;:[]},&quot;_transform_scale_effect_hover_tablet&quot;:{&quot;unit&quot;:&quot;px&quot;,&quot;size&quot;:&quot;&quot;,&quot;sizes&quot;:[]},&quot;_transform_scale_effect_hover_mobile&quot;:{&quot;unit&quot;:&quot;px&quot;,&quot;size&quot;:&quot;&quot;,&quot;sizes&quot;:[]}}\" data-widget_type=\"text-editor.default\">\n\t\t\t\t<div class=\"elementor-widget-container\">\n\t\t\t\t\t\t\t\t\t<p style=\"text-align: center;\"><span style=\"color: #ee9346;\"><strong>Vente de Mat\u00e9riel Informatique<\/strong><\/span><\/p><ul><li><strong>Ordinateurs de Bureau et Portables<\/strong> :<br \/>Nous proposons une large gamme d&rsquo;ordinateurs adapt\u00e9s \u00e0 tous les besoins, qu&rsquo;il s&rsquo;agisse de bureautique, de gaming ou de stations de travail professionnelles.<\/li><li><strong>P\u00e9riph\u00e9riques<\/strong> :<br \/>Souris, claviers, moniteurs, imprimantes et autres accessoires indispensables pour compl\u00e9ter votre installation informatique.<\/li><li><strong>Composants<\/strong> :<br \/>Cartes m\u00e8res, processeurs, m\u00e9moires RAM, disques durs, SSD, et autres composants pour la personnalisation et l&rsquo;upgrade de vos syst\u00e8mes.<\/li><\/ul>\t\t\t\t\t\t\t\t<\/div>\n\t\t\t\t<\/div>\n\t\t\t\t<div class=\"elementor-element elementor-element-d13a53d e-transform e-transform elementor-widget elementor-widget-text-editor\" data-id=\"d13a53d\" data-element_type=\"widget\" data-e-type=\"widget\" data-settings=\"{&quot;_transform_scale_effect&quot;:{&quot;unit&quot;:&quot;px&quot;,&quot;size&quot;:1,&quot;sizes&quot;:[]},&quot;_transform_scale_effect_hover&quot;:{&quot;unit&quot;:&quot;px&quot;,&quot;size&quot;:1.1,&quot;sizes&quot;:[]},&quot;_transform_scale_effect_laptop&quot;:{&quot;unit&quot;:&quot;px&quot;,&quot;size&quot;:&quot;&quot;,&quot;sizes&quot;:[]},&quot;_transform_scale_effect_tablet&quot;:{&quot;unit&quot;:&quot;px&quot;,&quot;size&quot;:&quot;&quot;,&quot;sizes&quot;:[]},&quot;_transform_scale_effect_mobile&quot;:{&quot;unit&quot;:&quot;px&quot;,&quot;size&quot;:&quot;&quot;,&quot;sizes&quot;:[]},&quot;_transform_scale_effect_hover_laptop&quot;:{&quot;unit&quot;:&quot;px&quot;,&quot;size&quot;:&quot;&quot;,&quot;sizes&quot;:[]},&quot;_transform_scale_effect_hover_tablet&quot;:{&quot;unit&quot;:&quot;px&quot;,&quot;size&quot;:&quot;&quot;,&quot;sizes&quot;:[]},&quot;_transform_scale_effect_hover_mobile&quot;:{&quot;unit&quot;:&quot;px&quot;,&quot;size&quot;:&quot;&quot;,&quot;sizes&quot;:[]}}\" data-widget_type=\"text-editor.default\">\n\t\t\t\t<div class=\"elementor-widget-container\">\n\t\t\t\t\t\t\t\t\t<p style=\"text-align: center;\"><span style=\"color: #800080;\"><strong>Formations<\/strong><\/span><\/p><ul><li><strong>Pour qui ? :<\/strong><br \/>Que vous soyez cherchiez \u00e0 acqu\u00e9rir des comp\u00e9tences de base ou\u00a0 approfondies nous avons une formation adapt\u00e9e \u00e0 vos besoins.<\/li><li><strong style=\"font-family: var( --e-global-typography-text-font-family ), Sans-serif; font-size: var(--bodyfontsize); letter-spacing: var(--bodyletterspacing); text-transform: var(--bodytexttransform);\">Formations<\/strong><span style=\"font-family: var( --e-global-typography-text-font-family ), Sans-serif; font-weight: var( --e-global-typography-text-font-weight ); font-size: var(--bodyfontsize); letter-spacing: var(--bodyletterspacing); text-transform: var(--bodytexttransform);\"><strong> :<\/strong><br \/><\/span>Formations sur l&rsquo;utilisation des logiciels bureautique, reseau sociaux,\u00a0 Internet et les meilleures pratiques en mati\u00e8re de s\u00e9curit\u00e9 informatique. Retrouvez les infos dans l&rsquo;onglet <a href=\"https:\/\/www.omega-info.com\/index.php\/formations\/\">Formations<\/a>.<\/li><\/ul>\t\t\t\t\t\t\t\t<\/div>\n\t\t\t\t<\/div>\n\t\t\t\t<div class=\"elementor-element elementor-element-ff3c870 e-transform elementor-widget elementor-widget-text-editor\" data-id=\"ff3c870\" data-element_type=\"widget\" data-e-type=\"widget\" data-settings=\"{&quot;_transform_scale_effect_hover&quot;:{&quot;unit&quot;:&quot;px&quot;,&quot;size&quot;:1.1,&quot;sizes&quot;:[]},&quot;_transform_scale_effect_hover_laptop&quot;:{&quot;unit&quot;:&quot;px&quot;,&quot;size&quot;:&quot;&quot;,&quot;sizes&quot;:[]},&quot;_transform_scale_effect_hover_tablet&quot;:{&quot;unit&quot;:&quot;px&quot;,&quot;size&quot;:&quot;&quot;,&quot;sizes&quot;:[]},&quot;_transform_scale_effect_hover_mobile&quot;:{&quot;unit&quot;:&quot;px&quot;,&quot;size&quot;:&quot;&quot;,&quot;sizes&quot;:[]}}\" data-widget_type=\"text-editor.default\">\n\t\t\t\t<div class=\"elementor-widget-container\">\n\t\t\t\t\t\t\t\t\t<p style=\"text-align: center;\"><span style=\"color: #5f9aee;\"><strong>Conseils<\/strong><\/span><\/p><ul><li><strong>Consulting en Informatique<\/strong> :<br \/>Conseils personnalis\u00e9s pour optimiser vos infrastructures informatiques et am\u00e9liorer votre productivit\u00e9.<strong><br \/><\/strong><\/li><li><strong>Besoins sp\u00e9cifiques :<br \/><\/strong>D\u00e9finir vos besoins professionnels (travail collaboratif, gestion de projets, s\u00e9curit\u00e9).<\/li><li><strong>Budget :<br \/><\/strong>\u00c9tablir un budget r\u00e9aliste en tenant compte de vos priorit\u00e9s.<\/li><li><strong>Scalabilit\u00e9 et support :<br \/><\/strong>Privil\u00e9gier les produits pouvant \u00e9voluer avec votre entreprise et offrant un support client r\u00e9actif.<\/li><\/ul>\t\t\t\t\t\t\t\t<\/div>\n\t\t\t\t<\/div>\n\t\t\t\t\t<\/div>\n\t\t\t\t<\/div>\n\t\t\t\t<\/div>\n\t\t","protected":false},"excerpt":{"rendered":"<p>Maintenance et R\u00e9paration Diagnostic et R\u00e9paration\u00a0:Identification rapide des probl\u00e8mes et r\u00e9paration efficace pour minimiser les interruptions. Entretien Pr\u00e9ventif\u00a0:Services de maintenance r\u00e9guli\u00e8re pour assurer le bon fonctionnement et la long\u00e9vit\u00e9 de votre \u00e9quipement. Assistance \u00e0 Distance\u00a0:R\u00e9solution des probl\u00e8mes logiciels et assistance technique via des outils de prise en main \u00e0 distance. Vente de Mat\u00e9riel Informatique Ordinateurs&hellip;&nbsp;<a href=\"https:\/\/www.omega-info.com\/index.php\/services\/\" rel=\"bookmark\">Lire la suite &raquo;<span class=\"screen-reader-text\">Services<\/span><\/a><\/p>\n","protected":false},"author":2,"featured_media":0,"parent":0,"menu_order":0,"comment_status":"closed","ping_status":"closed","template":"page-templates\/template-pagebuilder-full-width.php","meta":{"neve_meta_sidebar":"","neve_meta_container":"","neve_meta_enable_content_width":"","neve_meta_content_width":0,"neve_meta_title_alignment":"","neve_meta_author_avatar":"","neve_post_elements_order":"","neve_meta_disable_header":"","neve_meta_disable_footer":"","neve_meta_disable_title":"","advanced_seo_description":"","jetpack_seo_html_title":"","jetpack_seo_noindex":false,"_themeisle_gutenberg_block_has_review":false,"footnotes":""},"class_list":["post-199","page","type-page","status-publish","hentry"],"jetpack_sharing_enabled":true,"_links":{"self":[{"href":"https:\/\/www.omega-info.com\/index.php\/wp-json\/wp\/v2\/pages\/199","targetHints":{"allow":["GET"]}}],"collection":[{"href":"https:\/\/www.omega-info.com\/index.php\/wp-json\/wp\/v2\/pages"}],"about":[{"href":"https:\/\/www.omega-info.com\/index.php\/wp-json\/wp\/v2\/types\/page"}],"author":[{"embeddable":true,"href":"https:\/\/www.omega-info.com\/index.php\/wp-json\/wp\/v2\/users\/2"}],"replies":[{"embeddable":true,"href":"https:\/\/www.omega-info.com\/index.php\/wp-json\/wp\/v2\/comments?post=199"}],"version-history":[{"count":137,"href":"https:\/\/www.omega-info.com\/index.php\/wp-json\/wp\/v2\/pages\/199\/revisions"}],"predecessor-version":[{"id":1016,"href":"https:\/\/www.omega-info.com\/index.php\/wp-json\/wp\/v2\/pages\/199\/revisions\/1016"}],"wp:attachment":[{"href":"https:\/\/www.omega-info.com\/index.php\/wp-json\/wp\/v2\/media?parent=199"}],"curies":[{"name":"wp","href":"https:\/\/api.w.org\/{rel}","templated":true}]}}