{"id":197,"date":"2024-06-05T14:57:48","date_gmt":"2024-06-05T12:57:48","guid":{"rendered":"https:\/\/www.omega-info.com\/?page_id=197"},"modified":"2024-08-07T18:58:36","modified_gmt":"2024-08-07T16:58:36","slug":"professionnels","status":"publish","type":"page","link":"https:\/\/www.omega-info.com\/index.php\/professionnels\/","title":{"rendered":"Professionnels"},"content":{"rendered":"\t\t<div data-elementor-type=\"wp-page\" data-elementor-id=\"197\" class=\"elementor elementor-197\" data-elementor-post-type=\"page\">\n\t\t\t\t<div class=\"elementor-element elementor-element-f053eb6 e-flex e-con-boxed e-con e-parent\" data-id=\"f053eb6\" data-element_type=\"container\" data-e-type=\"container\">\n\t\t\t\t\t<div class=\"e-con-inner\">\n\t\t\t\t<div class=\"elementor-element elementor-element-d60a086 elementor-widget__width-inherit elementor-widget elementor-widget-heading\" data-id=\"d60a086\" data-element_type=\"widget\" data-e-type=\"widget\" data-widget_type=\"heading.default\">\n\t\t\t\t<div class=\"elementor-widget-container\">\n\t\t\t\t\t<h1 class=\"elementor-heading-title elementor-size-default\">Professionnels<\/h1>\t\t\t\t<\/div>\n\t\t\t\t<\/div>\n\t\t\t\t\t<\/div>\n\t\t\t\t<\/div>\n\t\t<header class=\"elementor-element elementor-element-36ccabac e-flex e-con-boxed e-con e-parent\" data-id=\"36ccabac\" data-element_type=\"container\" data-e-type=\"container\">\n\t\t\t\t\t<div class=\"e-con-inner\">\n\t\t<div class=\"elementor-element elementor-element-46e1c44e e-con-full e-flex e-con e-child\" data-id=\"46e1c44e\" data-element_type=\"container\" data-e-type=\"container\">\n\t\t\t\t<div class=\"elementor-element elementor-element-2e795ba7 elementor-widget__width-auto elementor-widget elementor-widget-image\" data-id=\"2e795ba7\" data-element_type=\"widget\" data-e-type=\"widget\" data-widget_type=\"image.default\">\n\t\t\t\t<div class=\"elementor-widget-container\">\n\t\t\t\t\t\t\t\t\t\t\t\t\t\t\t<img fetchpriority=\"high\" decoding=\"async\" width=\"612\" height=\"408\" src=\"https:\/\/www.omega-info.com\/wp-content\/uploads\/2024\/08\/Patenaires.jpg\" class=\"attachment-medium_large size-medium_large wp-image-1523\" alt=\"\" srcset=\"https:\/\/www.omega-info.com\/wp-content\/uploads\/2024\/08\/Patenaires.jpg 612w, https:\/\/www.omega-info.com\/wp-content\/uploads\/2024\/08\/Patenaires-600x400.jpg 600w, https:\/\/www.omega-info.com\/wp-content\/uploads\/2024\/08\/Patenaires-300x200.jpg 300w\" sizes=\"(max-width: 612px) 100vw, 612px\" \/>\t\t\t\t\t\t\t\t\t\t\t\t\t\t\t<\/div>\n\t\t\t\t<\/div>\n\t\t\t\t<\/div>\n\t\t<div class=\"elementor-element elementor-element-990791f e-con-full e-flex e-con e-child\" data-id=\"990791f\" data-element_type=\"container\" data-e-type=\"container\">\n\t\t\t\t<div class=\"elementor-element elementor-element-0a296c5 elementor-widget elementor-widget-text-editor\" data-id=\"0a296c5\" data-element_type=\"widget\" data-e-type=\"widget\" data-widget_type=\"text-editor.default\">\n\t\t\t\t<div class=\"elementor-widget-container\">\n\t\t\t\t\t\t\t\t\t<h2 style=\"text-align: center;\"><span style=\"color: #6a6a6a;\"><strong>Votre partenaire informatique de confiance<\/strong><\/span><\/h2><p>Nous offrons des solutions informatiques compl\u00e8tes pour r\u00e9pondre \u00e0 tous vos besoins professionnels. Que ce soit pour la maintenance, le d\u00e9pannage ou la gestion de votre infrastructure, nous sommes l\u00e0 pour vous aider.<\/p>\t\t\t\t\t\t\t\t<\/div>\n\t\t\t\t<\/div>\n\t\t\t\t<\/div>\n\t\t\t\t\t<\/div>\n\t\t\t\t<\/header>\n\t\t<div class=\"elementor-element elementor-element-2be41b18 e-flex e-con-boxed e-con e-parent\" data-id=\"2be41b18\" data-element_type=\"container\" data-e-type=\"container\" data-settings=\"{&quot;background_background&quot;:&quot;classic&quot;}\">\n\t\t\t\t\t<div class=\"e-con-inner\">\n\t\t<div class=\"elementor-element elementor-element-6a7e6fe8 e-con-full e-flex e-con e-child\" data-id=\"6a7e6fe8\" data-element_type=\"container\" data-e-type=\"container\">\n\t\t\t\t<div class=\"elementor-element elementor-element-28145b2d elementor-widget elementor-widget-heading\" data-id=\"28145b2d\" data-element_type=\"widget\" data-e-type=\"widget\" data-widget_type=\"heading.default\">\n\t\t\t\t<div class=\"elementor-widget-container\">\n\t\t\t\t\t<h1 class=\"elementor-heading-title elementor-size-default\">Nos Services<\/h1>\t\t\t\t<\/div>\n\t\t\t\t<\/div>\n\t\t\t\t<div class=\"elementor-element elementor-element-532acc75 elementor-widget__width-initial elementor-widget elementor-widget-text-editor\" data-id=\"532acc75\" data-element_type=\"widget\" data-e-type=\"widget\" data-widget_type=\"text-editor.default\">\n\t\t\t\t<div class=\"elementor-widget-container\">\n\t\t\t\t\t\t\t\t\t<ul><li style=\"text-align: left;\"><strong>Maintenance Informatique<\/strong><ul><li>Surveillance et entretien r\u00e9gulier de vos syst\u00e8mes<\/li><li>Mise \u00e0 jour de logiciels et de mat\u00e9riel<\/li><\/ul><\/li><li style=\"text-align: left;\"><strong>D\u00e9pannage<\/strong><ul><li>R\u00e9solution rapide des pannes et probl\u00e8mes techniques<\/li><li>Support \u00e0 distance et sur site<\/li><\/ul><\/li><li style=\"text-align: left;\"><strong>Gestion de R\u00e9seau<\/strong><ul><li>Installation et configuration de r\u00e9seaux locaux et VPN<\/li><li>S\u00e9curisation des r\u00e9seaux contre les intrusions<\/li><\/ul><\/li><li style=\"text-align: left;\"><strong>S\u00e9curit\u00e9 Informatique<\/strong><ul><li>Analyse de vuln\u00e9rabilit\u00e9s et tests de p\u00e9n\u00e9tration<\/li><li>Impl\u00e9mentation de solutions antivirus et pare-feu<\/li><\/ul><\/li><\/ul><div>\u00a0<\/div><p style=\"text-align: center;\"><em>Pour plus de d\u00e9tails sur les tarifs, veuillez\u00a0<\/em><a href=\"https:\/\/www.omega-info.com\/index.php\/contact\/\" target=\"_blank\" rel=\"noopener\">nous contacter<\/a><em>\u00a0pour un devis personnalis\u00e9.<\/em><\/p>\t\t\t\t\t\t\t\t<\/div>\n\t\t\t\t<\/div>\n\t\t\t\t<\/div>\n\t\t<div class=\"elementor-element elementor-element-a1e1ae4 e-con-full e-flex e-con e-child\" data-id=\"a1e1ae4\" data-element_type=\"container\" data-e-type=\"container\">\n\t\t\t\t<div class=\"elementor-element elementor-element-6ec691d8 elementor-widget elementor-widget-image\" data-id=\"6ec691d8\" data-element_type=\"widget\" data-e-type=\"widget\" data-widget_type=\"image.default\">\n\t\t\t\t<div class=\"elementor-widget-container\">\n\t\t\t\t\t\t\t\t\t\t\t\t\t\t\t<img decoding=\"async\" width=\"768\" height=\"512\" src=\"https:\/\/www.omega-info.com\/wp-content\/uploads\/2024\/06\/Hotline-768x512.jpg\" class=\"attachment-medium_large size-medium_large wp-image-1084\" alt=\"\" srcset=\"https:\/\/www.omega-info.com\/wp-content\/uploads\/2024\/06\/Hotline-768x512.jpg 768w, https:\/\/www.omega-info.com\/wp-content\/uploads\/2024\/06\/Hotline-300x200.jpg 300w, https:\/\/www.omega-info.com\/wp-content\/uploads\/2024\/06\/Hotline-1024x683.jpg 1024w, https:\/\/www.omega-info.com\/wp-content\/uploads\/2024\/06\/Hotline-1536x1024.jpg 1536w, https:\/\/www.omega-info.com\/wp-content\/uploads\/2024\/06\/Hotline-2048x1365.jpg 2048w, https:\/\/www.omega-info.com\/wp-content\/uploads\/2024\/06\/Hotline-930x620.jpg 930w\" sizes=\"(max-width: 768px) 100vw, 768px\" \/>\t\t\t\t\t\t\t\t\t\t\t\t\t\t\t<\/div>\n\t\t\t\t<\/div>\n\t\t\t\t<\/div>\n\t\t\t\t\t<\/div>\n\t\t\t\t<\/div>\n\t\t<div class=\"elementor-element elementor-element-5bbba829 e-flex e-con-boxed e-con e-parent\" data-id=\"5bbba829\" data-element_type=\"container\" data-e-type=\"container\">\n\t\t\t\t\t<div class=\"e-con-inner\">\n\t\t<div class=\"elementor-element elementor-element-458aeb26 e-con-full e-flex e-con e-child\" data-id=\"458aeb26\" data-element_type=\"container\" data-e-type=\"container\">\n\t\t<div class=\"elementor-element elementor-element-266a888a e-con-full e-flex e-con e-child\" data-id=\"266a888a\" data-element_type=\"container\" data-e-type=\"container\">\n\t\t\t\t<div class=\"elementor-element elementor-element-517ddedf elementor-widget elementor-widget-image\" data-id=\"517ddedf\" data-element_type=\"widget\" data-e-type=\"widget\" data-widget_type=\"image.default\">\n\t\t\t\t<div class=\"elementor-widget-container\">\n\t\t\t\t\t\t\t\t\t\t\t\t\t\t\t<img decoding=\"async\" width=\"683\" height=\"1024\" src=\"https:\/\/www.omega-info.com\/wp-content\/uploads\/2024\/06\/ordinateur-clavier-683x1024.jpg\" class=\"attachment-large size-large wp-image-1086\" alt=\"\" srcset=\"https:\/\/www.omega-info.com\/wp-content\/uploads\/2024\/06\/ordinateur-clavier-683x1024.jpg 683w, https:\/\/www.omega-info.com\/wp-content\/uploads\/2024\/06\/ordinateur-clavier-200x300.jpg 200w, https:\/\/www.omega-info.com\/wp-content\/uploads\/2024\/06\/ordinateur-clavier-768x1152.jpg 768w, https:\/\/www.omega-info.com\/wp-content\/uploads\/2024\/06\/ordinateur-clavier-1024x1536.jpg 1024w, https:\/\/www.omega-info.com\/wp-content\/uploads\/2024\/06\/ordinateur-clavier-1365x2048.jpg 1365w, https:\/\/www.omega-info.com\/wp-content\/uploads\/2024\/06\/ordinateur-clavier-scaled.jpg 1706w\" sizes=\"(max-width: 683px) 100vw, 683px\" \/>\t\t\t\t\t\t\t\t\t\t\t\t\t\t\t<\/div>\n\t\t\t\t<\/div>\n\t\t\t\t<div class=\"elementor-element elementor-element-429ffe16 elementor-widget elementor-widget-image\" data-id=\"429ffe16\" data-element_type=\"widget\" data-e-type=\"widget\" data-widget_type=\"image.default\">\n\t\t\t\t<div class=\"elementor-widget-container\">\n\t\t\t\t\t\t\t\t\t\t\t\t\t\t\t<img loading=\"lazy\" decoding=\"async\" width=\"1024\" height=\"683\" src=\"https:\/\/www.omega-info.com\/wp-content\/uploads\/2024\/06\/Processeur-1024x683.jpg\" class=\"attachment-large size-large wp-image-1088\" alt=\"\" srcset=\"https:\/\/www.omega-info.com\/wp-content\/uploads\/2024\/06\/Processeur-1024x683.jpg 1024w, https:\/\/www.omega-info.com\/wp-content\/uploads\/2024\/06\/Processeur-300x200.jpg 300w, https:\/\/www.omega-info.com\/wp-content\/uploads\/2024\/06\/Processeur-768x512.jpg 768w, https:\/\/www.omega-info.com\/wp-content\/uploads\/2024\/06\/Processeur-1536x1024.jpg 1536w, https:\/\/www.omega-info.com\/wp-content\/uploads\/2024\/06\/Processeur-2048x1365.jpg 2048w, https:\/\/www.omega-info.com\/wp-content\/uploads\/2024\/06\/Processeur-930x620.jpg 930w\" sizes=\"(max-width: 1024px) 100vw, 1024px\" \/>\t\t\t\t\t\t\t\t\t\t\t\t\t\t\t<\/div>\n\t\t\t\t<\/div>\n\t\t\t\t<\/div>\n\t\t<div class=\"elementor-element elementor-element-3ddf1e29 e-con-full e-flex e-con e-child\" data-id=\"3ddf1e29\" data-element_type=\"container\" data-e-type=\"container\">\n\t\t\t\t<div class=\"elementor-element elementor-element-3780555c elementor-widget elementor-widget-image\" data-id=\"3780555c\" data-element_type=\"widget\" data-e-type=\"widget\" data-widget_type=\"image.default\">\n\t\t\t\t<div class=\"elementor-widget-container\">\n\t\t\t\t\t\t\t\t\t\t\t\t\t\t\t<img loading=\"lazy\" decoding=\"async\" width=\"683\" height=\"1024\" src=\"https:\/\/www.omega-info.com\/wp-content\/uploads\/2024\/06\/Carte-mere-683x1024.jpg\" class=\"attachment-large size-large wp-image-1087\" alt=\"\" srcset=\"https:\/\/www.omega-info.com\/wp-content\/uploads\/2024\/06\/Carte-mere-683x1024.jpg 683w, https:\/\/www.omega-info.com\/wp-content\/uploads\/2024\/06\/Carte-mere-200x300.jpg 200w, https:\/\/www.omega-info.com\/wp-content\/uploads\/2024\/06\/Carte-mere-768x1151.jpg 768w, https:\/\/www.omega-info.com\/wp-content\/uploads\/2024\/06\/Carte-mere-1025x1536.jpg 1025w, https:\/\/www.omega-info.com\/wp-content\/uploads\/2024\/06\/Carte-mere-1367x2048.jpg 1367w, https:\/\/www.omega-info.com\/wp-content\/uploads\/2024\/06\/Carte-mere-scaled.jpg 1709w\" sizes=\"(max-width: 683px) 100vw, 683px\" \/>\t\t\t\t\t\t\t\t\t\t\t\t\t\t\t<\/div>\n\t\t\t\t<\/div>\n\t\t\t\t<div class=\"elementor-element elementor-element-4d2786df elementor-widget elementor-widget-image\" data-id=\"4d2786df\" data-element_type=\"widget\" data-e-type=\"widget\" data-widget_type=\"image.default\">\n\t\t\t\t<div class=\"elementor-widget-container\">\n\t\t\t\t\t\t\t\t\t\t\t\t\t\t\t<img loading=\"lazy\" decoding=\"async\" width=\"1024\" height=\"800\" src=\"https:\/\/www.omega-info.com\/wp-content\/uploads\/2024\/06\/Processeur1-1024x800.jpg\" class=\"attachment-large size-large wp-image-1089\" alt=\"\" srcset=\"https:\/\/www.omega-info.com\/wp-content\/uploads\/2024\/06\/Processeur1-1024x800.jpg 1024w, https:\/\/www.omega-info.com\/wp-content\/uploads\/2024\/06\/Processeur1-300x234.jpg 300w, https:\/\/www.omega-info.com\/wp-content\/uploads\/2024\/06\/Processeur1-768x600.jpg 768w, https:\/\/www.omega-info.com\/wp-content\/uploads\/2024\/06\/Processeur1-1536x1200.jpg 1536w, https:\/\/www.omega-info.com\/wp-content\/uploads\/2024\/06\/Processeur1-2048x1601.jpg 2048w\" sizes=\"(max-width: 1024px) 100vw, 1024px\" \/>\t\t\t\t\t\t\t\t\t\t\t\t\t\t\t<\/div>\n\t\t\t\t<\/div>\n\t\t\t\t<\/div>\n\t\t\t\t<\/div>\n\t\t<div class=\"elementor-element elementor-element-17e3c6bd e-con-full e-flex e-con e-child\" data-id=\"17e3c6bd\" data-element_type=\"container\" data-e-type=\"container\">\n\t\t\t\t<div class=\"elementor-element elementor-element-4c20ad78 elementor-widget elementor-widget-heading\" data-id=\"4c20ad78\" data-element_type=\"widget\" data-e-type=\"widget\" data-widget_type=\"heading.default\">\n\t\t\t\t<div class=\"elementor-widget-container\">\n\t\t\t\t\t<h2 class=\"elementor-heading-title elementor-size-default\">Assemblage<\/h2>\t\t\t\t<\/div>\n\t\t\t\t<\/div>\n\t\t\t\t<div class=\"elementor-element elementor-element-737f5f9f elementor-widget elementor-widget-text-editor\" data-id=\"737f5f9f\" data-element_type=\"widget\" data-e-type=\"widget\" data-widget_type=\"text-editor.default\">\n\t\t\t\t<div class=\"elementor-widget-container\">\n\t\t\t\t\t\t\t\t\t<ul><li>S\u00e9lection m\u00e9ticuleuse des composants : carte m\u00e8re, processeur, m\u00e9moire, carte graphique, etc. Chaque \u00e9l\u00e9ment doit \u00eatre compatible pour assurer un fonctionnement optimal.<\/li><li>Notre exp\u00e9rience \u00e0 votre service pour que votre parc informatique soit au plus pr\u00e9s de vos attentes professionnels<\/li><\/ul>\t\t\t\t\t\t\t\t<\/div>\n\t\t\t\t<\/div>\n\t\t\t\t<\/div>\n\t\t\t\t\t<\/div>\n\t\t\t\t<\/div>\n\t\t<div class=\"elementor-element elementor-element-58a1bb4 e-flex e-con-boxed e-con e-parent\" data-id=\"58a1bb4\" data-element_type=\"container\" data-e-type=\"container\">\n\t\t\t\t\t<div class=\"e-con-inner\">\n\t\t<div class=\"elementor-element elementor-element-2c0e320 e-con-full e-flex e-con e-child\" data-id=\"2c0e320\" data-element_type=\"container\" data-e-type=\"container\">\n\t\t<div class=\"elementor-element elementor-element-f133ff5 e-con-full e-flex e-con e-child\" data-id=\"f133ff5\" data-element_type=\"container\" data-e-type=\"container\">\n\t\t\t\t<div class=\"elementor-element elementor-element-bed4c3d elementor-widget elementor-widget-heading\" data-id=\"bed4c3d\" data-element_type=\"widget\" data-e-type=\"widget\" data-widget_type=\"heading.default\">\n\t\t\t\t<div class=\"elementor-widget-container\">\n\t\t\t\t\t<h2 class=\"elementor-heading-title elementor-size-default\"> Logiciel partenaire<\/h2>\t\t\t\t<\/div>\n\t\t\t\t<\/div>\n\t\t\t\t<\/div>\n\t\t<div class=\"elementor-element elementor-element-c93f9e2 e-con-full e-flex e-con e-child\" data-id=\"c93f9e2\" data-element_type=\"container\" data-e-type=\"container\">\n\t\t\t\t<div class=\"elementor-element elementor-element-fda1475 elementor-widget elementor-widget-image\" data-id=\"fda1475\" data-element_type=\"widget\" data-e-type=\"widget\" data-widget_type=\"image.default\">\n\t\t\t\t<div class=\"elementor-widget-container\">\n\t\t\t\t\t\t\t\t\t\t\t\t\t\t\t\t<a href=\"https:\/\/administralis.fr\/\">\n\t\t\t\t\t\t\t<img loading=\"lazy\" decoding=\"async\" width=\"255\" height=\"40\" src=\"https:\/\/www.omega-info.com\/wp-content\/uploads\/2024\/08\/logoadministralis.webp\" class=\"attachment-large size-large wp-image-1502\" alt=\"\" \/>\t\t\t\t\t\t\t\t<\/a>\n\t\t\t\t\t\t\t\t\t\t\t\t\t\t\t<\/div>\n\t\t\t\t<\/div>\n\t\t<div class=\"elementor-element elementor-element-2428192 e-con-full e-flex e-con e-child\" data-id=\"2428192\" data-element_type=\"container\" data-e-type=\"container\">\n\t\t\t\t<div class=\"elementor-element elementor-element-af9eb35 elementor-widget elementor-widget-text-editor\" data-id=\"af9eb35\" data-element_type=\"widget\" data-e-type=\"widget\" data-widget_type=\"text-editor.default\">\n\t\t\t\t<div class=\"elementor-widget-container\">\n\t\t\t\t\t\t\t\t\t<p>Administralis vous permet de cr\u00e9er facilement des devis et des factures en ligne, de suivre vos stocks et vos achats. G\u00e9rer vos clients, prospects, fournisseurs et finances avec simplicit\u00e9. Il offre \u00e9galement des fonctionnalit\u00e9s avanc\u00e9es telles que la g\u00e9olocalisation des stocks, le suivi des r\u00e8glements et l&rsquo;importation des catalogues fournisseurs.<br><strong>Le tout-en-un avec un support d\u00e9di\u00e9 en France.<\/strong><\/p>\n<h3 style=\"text-align: center;\"><a href=\"https:\/\/administralis.fr\" target=\"_blank\">Demandez un essais gratuit<\/a><br><\/h3>\t\t\t\t\t\t\t\t<\/div>\n\t\t\t\t<\/div>\n\t\t\t\t<\/div>\n\t\t\t\t<\/div>\n\t\t\t\t<\/div>\n\t\t<div class=\"elementor-element elementor-element-7130da4 e-con-full e-flex e-con e-child\" data-id=\"7130da4\" data-element_type=\"container\" data-e-type=\"container\">\n\t\t\t\t<div class=\"elementor-element elementor-element-8be75c3 elementor-widget elementor-widget-image\" data-id=\"8be75c3\" data-element_type=\"widget\" data-e-type=\"widget\" data-widget_type=\"image.default\">\n\t\t\t\t<div class=\"elementor-widget-container\">\n\t\t\t\t\t\t\t\t\t\t\t\t\t\t\t<img loading=\"lazy\" decoding=\"async\" width=\"300\" height=\"300\" src=\"https:\/\/www.omega-info.com\/wp-content\/uploads\/2024\/08\/logo_hero-300x300.webp\" class=\"attachment-medium size-medium wp-image-1503\" alt=\"\" srcset=\"https:\/\/www.omega-info.com\/wp-content\/uploads\/2024\/08\/logo_hero-300x300.webp 300w, https:\/\/www.omega-info.com\/wp-content\/uploads\/2024\/08\/logo_hero-100x100.webp 100w, https:\/\/www.omega-info.com\/wp-content\/uploads\/2024\/08\/logo_hero-150x150.webp 150w, https:\/\/www.omega-info.com\/wp-content\/uploads\/2024\/08\/logo_hero.webp 399w\" sizes=\"(max-width: 300px) 100vw, 300px\" \/>\t\t\t\t\t\t\t\t\t\t\t\t\t\t\t<\/div>\n\t\t\t\t<\/div>\n\t\t\t\t<\/div>\n\t\t\t\t\t<\/div>\n\t\t\t\t<\/div>\n\t\t\t\t<\/div>\n\t\t","protected":false},"excerpt":{"rendered":"<p>Professionnels Votre partenaire informatique de confiance Nous offrons des solutions informatiques compl\u00e8tes pour r\u00e9pondre \u00e0 tous vos besoins professionnels. Que ce soit pour la maintenance, le d\u00e9pannage ou la gestion de votre infrastructure, nous sommes l\u00e0 pour vous aider. Nos Services Maintenance Informatique Surveillance et entretien r\u00e9gulier de vos syst\u00e8mes Mise \u00e0 jour de logiciels&hellip;&nbsp;<a href=\"https:\/\/www.omega-info.com\/index.php\/professionnels\/\" rel=\"bookmark\">Lire la suite &raquo;<span class=\"screen-reader-text\">Professionnels<\/span><\/a><\/p>\n","protected":false},"author":2,"featured_media":0,"parent":0,"menu_order":0,"comment_status":"closed","ping_status":"closed","template":"page-templates\/template-pagebuilder-full-width.php","meta":{"neve_meta_sidebar":"","neve_meta_container":"","neve_meta_enable_content_width":"","neve_meta_content_width":0,"neve_meta_title_alignment":"","neve_meta_author_avatar":"","neve_post_elements_order":"","neve_meta_disable_header":"","neve_meta_disable_footer":"","neve_meta_disable_title":"","advanced_seo_description":"Omega Informatique - Vente - D\u00e9pannage - Formations - Professionnels - Particuliers","jetpack_seo_html_title":"Omega Informatique - Professionnels","jetpack_seo_noindex":false,"_themeisle_gutenberg_block_has_review":false,"footnotes":""},"class_list":["post-197","page","type-page","status-publish","hentry"],"jetpack_sharing_enabled":true,"_links":{"self":[{"href":"https:\/\/www.omega-info.com\/index.php\/wp-json\/wp\/v2\/pages\/197","targetHints":{"allow":["GET"]}}],"collection":[{"href":"https:\/\/www.omega-info.com\/index.php\/wp-json\/wp\/v2\/pages"}],"about":[{"href":"https:\/\/www.omega-info.com\/index.php\/wp-json\/wp\/v2\/types\/page"}],"author":[{"embeddable":true,"href":"https:\/\/www.omega-info.com\/index.php\/wp-json\/wp\/v2\/users\/2"}],"replies":[{"embeddable":true,"href":"https:\/\/www.omega-info.com\/index.php\/wp-json\/wp\/v2\/comments?post=197"}],"version-history":[{"count":159,"href":"https:\/\/www.omega-info.com\/index.php\/wp-json\/wp\/v2\/pages\/197\/revisions"}],"predecessor-version":[{"id":1541,"href":"https:\/\/www.omega-info.com\/index.php\/wp-json\/wp\/v2\/pages\/197\/revisions\/1541"}],"wp:attachment":[{"href":"https:\/\/www.omega-info.com\/index.php\/wp-json\/wp\/v2\/media?parent=197"}],"curies":[{"name":"wp","href":"https:\/\/api.w.org\/{rel}","templated":true}]}}