{"id":1283,"date":"2024-08-01T18:48:12","date_gmt":"2024-08-01T16:48:12","guid":{"rendered":"https:\/\/www.omega-info.com\/?page_id=1283"},"modified":"2024-08-26T14:05:08","modified_gmt":"2024-08-26T12:05:08","slug":"affaires","status":"publish","type":"page","link":"https:\/\/www.omega-info.com\/index.php\/affaires\/","title":{"rendered":"Affaires"},"content":{"rendered":"\t\t<div data-elementor-type=\"wp-page\" data-elementor-id=\"1283\" class=\"elementor elementor-1283\" data-elementor-post-type=\"page\">\n\t\t\t\t<div class=\"elementor-element elementor-element-3822c45 e-flex e-con-boxed e-con e-parent\" data-id=\"3822c45\" data-element_type=\"container\" data-e-type=\"container\">\n\t\t\t\t\t<div class=\"e-con-inner\">\n\t\t<div class=\"elementor-element elementor-element-822cb06 e-con-full e-flex e-con e-child\" data-id=\"822cb06\" data-element_type=\"container\" data-e-type=\"container\">\n\t\t\t\t<div class=\"elementor-element elementor-element-b941840 elementor-widget elementor-widget-heading\" data-id=\"b941840\" data-element_type=\"widget\" data-e-type=\"widget\" data-widget_type=\"heading.default\">\n\t\t\t\t<div class=\"elementor-widget-container\">\n\t\t\t\t\t<h2 class=\"elementor-heading-title elementor-size-default\">Le coin des affaires<\/h2>\t\t\t\t<\/div>\n\t\t\t\t<\/div>\n\t\t\t\t<\/div>\n\t\t\t\t\t<\/div>\n\t\t\t\t<\/div>\n\t\t<div class=\"elementor-element elementor-element-9cee635 e-grid e-con-boxed e-con e-parent\" data-id=\"9cee635\" data-element_type=\"container\" data-e-type=\"container\">\n\t\t\t\t\t<div class=\"e-con-inner\">\n\t\t\t\t<div class=\"elementor-element elementor-element-a830b92 elementor-widget elementor-widget-image\" data-id=\"a830b92\" data-element_type=\"widget\" data-e-type=\"widget\" data-widget_type=\"image.default\">\n\t\t\t\t<div class=\"elementor-widget-container\">\n\t\t\t\t\t\t\t\t\t\t\t\t\t\t\t<img fetchpriority=\"high\" decoding=\"async\" width=\"768\" height=\"427\" src=\"https:\/\/www.omega-info.com\/wp-content\/uploads\/2024\/08\/HP-Desk1-768x427.jpg\" class=\"attachment-medium_large size-medium_large wp-image-1561\" alt=\"\" srcset=\"https:\/\/www.omega-info.com\/wp-content\/uploads\/2024\/08\/HP-Desk1-768x427.jpg 768w, https:\/\/www.omega-info.com\/wp-content\/uploads\/2024\/08\/HP-Desk1-600x334.jpg 600w, https:\/\/www.omega-info.com\/wp-content\/uploads\/2024\/08\/HP-Desk1-300x167.jpg 300w, https:\/\/www.omega-info.com\/wp-content\/uploads\/2024\/08\/HP-Desk1-1024x569.jpg 1024w, https:\/\/www.omega-info.com\/wp-content\/uploads\/2024\/08\/HP-Desk1-1536x854.jpg 1536w, https:\/\/www.omega-info.com\/wp-content\/uploads\/2024\/08\/HP-Desk1-2048x1139.jpg 2048w\" sizes=\"(max-width: 768px) 100vw, 768px\" \/>\t\t\t\t\t\t\t\t\t\t\t\t\t\t\t<\/div>\n\t\t\t\t<\/div>\n\t\t\t\t<div class=\"elementor-element elementor-element-2d9c32a elementor-widget elementor-widget-text-editor\" data-id=\"2d9c32a\" data-element_type=\"widget\" data-e-type=\"widget\" data-widget_type=\"text-editor.default\">\n\t\t\t\t<div class=\"elementor-widget-container\">\n\t\t\t\t\t\t\t\t\t<h3 style=\"text-align: center;\"><span style=\"color: #008080;\"><b>Ordinateur micro tour reconditionn\u00e9<\/b><\/span><\/h3><p style=\"text-align: center;\">HP ProDesk 600 G2 &#8211; Intel Core i3 &#8211; Disque SSD 240Go &#8211; M\u00e9moire 8Go &#8211; Wifi Int\u00e9gr\u00e9 &#8211; Windows 10 Pro Clavier et souris inclus &#8211;\u00a0 Ecran en option 40\u20ac &#8211; Garantie 1 an<\/p><h1 style=\"text-align: center;\"><span style=\"color: #339966;\"><strong>190\u20ac<\/strong><\/span><\/h1>\t\t\t\t\t\t\t\t<\/div>\n\t\t\t\t<\/div>\n\t\t\t\t<div class=\"elementor-element elementor-element-4f25c90 elementor-widget elementor-widget-image\" data-id=\"4f25c90\" data-element_type=\"widget\" data-e-type=\"widget\" data-widget_type=\"image.default\">\n\t\t\t\t<div class=\"elementor-widget-container\">\n\t\t\t\t\t\t\t\t\t\t\t\t\t\t\t<img decoding=\"async\" width=\"768\" height=\"620\" src=\"https:\/\/www.omega-info.com\/wp-content\/uploads\/2024\/08\/HP-ProBook-650-G2-768x620.jpg\" class=\"attachment-medium_large size-medium_large wp-image-1604\" alt=\"\" srcset=\"https:\/\/www.omega-info.com\/wp-content\/uploads\/2024\/08\/HP-ProBook-650-G2-768x620.jpg 768w, https:\/\/www.omega-info.com\/wp-content\/uploads\/2024\/08\/HP-ProBook-650-G2-scaled-600x484.jpg 600w, https:\/\/www.omega-info.com\/wp-content\/uploads\/2024\/08\/HP-ProBook-650-G2-300x242.jpg 300w, https:\/\/www.omega-info.com\/wp-content\/uploads\/2024\/08\/HP-ProBook-650-G2-1024x826.jpg 1024w, https:\/\/www.omega-info.com\/wp-content\/uploads\/2024\/08\/HP-ProBook-650-G2-1536x1240.jpg 1536w, https:\/\/www.omega-info.com\/wp-content\/uploads\/2024\/08\/HP-ProBook-650-G2-2048x1653.jpg 2048w\" sizes=\"(max-width: 768px) 100vw, 768px\" \/>\t\t\t\t\t\t\t\t\t\t\t\t\t\t\t<\/div>\n\t\t\t\t<\/div>\n\t\t\t\t<div class=\"elementor-element elementor-element-e019570 elementor-widget elementor-widget-text-editor\" data-id=\"e019570\" data-element_type=\"widget\" data-e-type=\"widget\" data-widget_type=\"text-editor.default\">\n\t\t\t\t<div class=\"elementor-widget-container\">\n\t\t\t\t\t\t\t\t\t<h3 style=\"text-align: center;\"><span style=\"color: #008080;\"><b>Ordinateur portable reconditionn\u00e9<\/b><\/span><\/h3><p style=\"text-align: center;\">HP ProBook 650 G2 &#8211; Processeur Intel Core i5 6200U &#8211; M\u00e9moire 8 Go &#8211; Disque SSD 256Go &#8211; Avec chargeur et batterie &#8211; Ecran 15&Prime; &#8211; Deverrouillage par empreinte &#8211; Windows 10 Pro &#8211; Qualit\u00e9 grade A &#8211; Garantie 1 an<\/p><h3 style=\"text-align: center;\"><strong style=\"font-family: var(--headingsfontfamily),var(--nv-fallback-ff); font-size: var(--h1fontsize); letter-spacing: var(--h1letterspacing); text-transform: var(--h1texttransform); color: var( --e-global-color-text ); text-align: var(--text-align);\"><span style=\"color: #339966;\">330\u20ac<\/span><\/strong><\/h3>\t\t\t\t\t\t\t\t<\/div>\n\t\t\t\t<\/div>\n\t\t\t\t<div class=\"elementor-element elementor-element-27639d3 elementor-widget elementor-widget-image\" data-id=\"27639d3\" data-element_type=\"widget\" data-e-type=\"widget\" data-widget_type=\"image.default\">\n\t\t\t\t<div class=\"elementor-widget-container\">\n\t\t\t\t\t\t\t\t\t\t\t\t\t\t\t<img decoding=\"async\" width=\"768\" height=\"595\" src=\"https:\/\/www.omega-info.com\/wp-content\/uploads\/2024\/08\/EliteBook-850-G3-768x595.jpg\" class=\"attachment-medium_large size-medium_large wp-image-1573\" alt=\"\" srcset=\"https:\/\/www.omega-info.com\/wp-content\/uploads\/2024\/08\/EliteBook-850-G3-768x595.jpg 768w, https:\/\/www.omega-info.com\/wp-content\/uploads\/2024\/08\/EliteBook-850-G3-600x465.jpg 600w, https:\/\/www.omega-info.com\/wp-content\/uploads\/2024\/08\/EliteBook-850-G3-300x232.jpg 300w, https:\/\/www.omega-info.com\/wp-content\/uploads\/2024\/08\/EliteBook-850-G3-1024x793.jpg 1024w, https:\/\/www.omega-info.com\/wp-content\/uploads\/2024\/08\/EliteBook-850-G3-1536x1190.jpg 1536w, https:\/\/www.omega-info.com\/wp-content\/uploads\/2024\/08\/EliteBook-850-G3-2048x1587.jpg 2048w\" sizes=\"(max-width: 768px) 100vw, 768px\" \/>\t\t\t\t\t\t\t\t\t\t\t\t\t\t\t<\/div>\n\t\t\t\t<\/div>\n\t\t\t\t<div class=\"elementor-element elementor-element-64989c1 elementor-widget elementor-widget-text-editor\" data-id=\"64989c1\" data-element_type=\"widget\" data-e-type=\"widget\" data-widget_type=\"text-editor.default\">\n\t\t\t\t<div class=\"elementor-widget-container\">\n\t\t\t\t\t\t\t\t\t<h3 style=\"text-align: center;\"><span style=\"color: #008080;\"><b>Ordinateur portable reconditionn\u00e9<\/b><\/span><\/h3>\n<p style=\"text-align: center;\">HP EliteBook 850 G3 &#8211; Processeur Intel Core i5 6300U &#8211; M\u00e9moire 32 Go &#8211; Disque SSD 256Go &#8211; Avec chargeur et batterie &#8211; Ecran 15&Prime; &#8211; Deverrouillage par empreinte &#8211; Windows 10 Pro &#8211; Qualit\u00e9 grade B &#8211; Garantie 1 an<\/p>\n<h3 style=\"text-align: center;\"><strong style=\"font-family: var(--headingsfontfamily),var(--nv-fallback-ff); font-size: var(--h1fontsize); letter-spacing: var(--h1letterspacing); text-transform: var(--h1texttransform); color: var( --e-global-color-text ); text-align: var(--text-align);\"><span style=\"color: #339966;\">380\u20ac<\/span><\/strong><\/h3>\t\t\t\t\t\t\t\t<\/div>\n\t\t\t\t<\/div>\n\t\t\t\t<div class=\"elementor-element elementor-element-b8ae9b3 elementor-widget elementor-widget-image\" data-id=\"b8ae9b3\" data-element_type=\"widget\" data-e-type=\"widget\" data-widget_type=\"image.default\">\n\t\t\t\t<div class=\"elementor-widget-container\">\n\t\t\t\t\t\t\t\t\t\t\t\t\t\t\t<img loading=\"lazy\" decoding=\"async\" width=\"768\" height=\"576\" src=\"https:\/\/www.omega-info.com\/wp-content\/uploads\/2024\/08\/DELL-5580-768x576.png\" class=\"attachment-medium_large size-medium_large wp-image-1352\" alt=\"\" srcset=\"https:\/\/www.omega-info.com\/wp-content\/uploads\/2024\/08\/DELL-5580-768x576.png 768w, https:\/\/www.omega-info.com\/wp-content\/uploads\/2024\/08\/DELL-5580-300x225.png 300w, https:\/\/www.omega-info.com\/wp-content\/uploads\/2024\/08\/DELL-5580-1024x768.png 1024w, https:\/\/www.omega-info.com\/wp-content\/uploads\/2024\/08\/DELL-5580.png 1500w\" sizes=\"(max-width: 768px) 100vw, 768px\" \/>\t\t\t\t\t\t\t\t\t\t\t\t\t\t\t<\/div>\n\t\t\t\t<\/div>\n\t\t\t\t<div class=\"elementor-element elementor-element-2595e99 elementor-widget elementor-widget-text-editor\" data-id=\"2595e99\" data-element_type=\"widget\" data-e-type=\"widget\" data-widget_type=\"text-editor.default\">\n\t\t\t\t<div class=\"elementor-widget-container\">\n\t\t\t\t\t\t\t\t\t<h3 style=\"text-align: center;\"><span style=\"color: #008080;\"><b>Ordinateur portable reconditionn\u00e9<\/b><\/span><\/h3><p style=\"text-align: center;\">DELL 5580 &#8211; Processeur Intel Core i5 7300U &#8211; M\u00e9moire 8 Go &#8211; Disque SSD 256Go &#8211; Avec chargeur et batterie &#8211; Ecran 15&Prime; tactile &#8211; Deverrouillage par empreinte &#8211; Windows 10 Pro &#8211; Qualit\u00e9 grade A &#8211; Garantie 1 an<\/p><h3 style=\"text-align: center;\"><strong style=\"font-family: var(--headingsfontfamily),var(--nv-fallback-ff); font-size: var(--h1fontsize); letter-spacing: var(--h1letterspacing); text-transform: var(--h1texttransform); color: var( --e-global-color-text ); text-align: var(--text-align);\"><span style=\"color: #339966;\">390\u20ac<\/span><\/strong><\/h3>\t\t\t\t\t\t\t\t<\/div>\n\t\t\t\t<\/div>\n\t\t\t\t<div class=\"elementor-element elementor-element-c210d3f elementor-widget elementor-widget-image\" data-id=\"c210d3f\" data-element_type=\"widget\" data-e-type=\"widget\" data-widget_type=\"image.default\">\n\t\t\t\t<div class=\"elementor-widget-container\">\n\t\t\t\t\t\t\t\t\t\t\t\t\t\t\t<img loading=\"lazy\" decoding=\"async\" width=\"768\" height=\"587\" src=\"https:\/\/www.omega-info.com\/wp-content\/uploads\/2024\/08\/DELL-Latitude-5500-768x587.jpg\" class=\"attachment-medium_large size-medium_large wp-image-1572\" alt=\"\" srcset=\"https:\/\/www.omega-info.com\/wp-content\/uploads\/2024\/08\/DELL-Latitude-5500-768x587.jpg 768w, https:\/\/www.omega-info.com\/wp-content\/uploads\/2024\/08\/DELL-Latitude-5500-600x458.jpg 600w, https:\/\/www.omega-info.com\/wp-content\/uploads\/2024\/08\/DELL-Latitude-5500-300x229.jpg 300w, https:\/\/www.omega-info.com\/wp-content\/uploads\/2024\/08\/DELL-Latitude-5500-1024x782.jpg 1024w, https:\/\/www.omega-info.com\/wp-content\/uploads\/2024\/08\/DELL-Latitude-5500-1536x1173.jpg 1536w, https:\/\/www.omega-info.com\/wp-content\/uploads\/2024\/08\/DELL-Latitude-5500-2048x1564.jpg 2048w\" sizes=\"(max-width: 768px) 100vw, 768px\" \/>\t\t\t\t\t\t\t\t\t\t\t\t\t\t\t<\/div>\n\t\t\t\t<\/div>\n\t\t\t\t<div class=\"elementor-element elementor-element-af7180c elementor-widget elementor-widget-text-editor\" data-id=\"af7180c\" data-element_type=\"widget\" data-e-type=\"widget\" data-widget_type=\"text-editor.default\">\n\t\t\t\t<div class=\"elementor-widget-container\">\n\t\t\t\t\t\t\t\t\t<h3 style=\"text-align: center;\"><span style=\"color: #008080;\"><b>Ordinateur portable reconditionn\u00e9<\/b><\/span><\/h3><p style=\"text-align: center;\">DELL 5500 &#8211; Processeur Intel Core i5 8365U &#8211; M\u00e9moire 8 Go &#8211; Disque SSD 256Go &#8211; Avec chargeur et batterie &#8211; Ecran 15&Prime; tactile &#8211; Clavier r\u00e9tro\u00e9clair\u00e9 &#8211; Deverrouillage par empreinte &#8211; Windows 11 Pro &#8211; Qualit\u00e9 grade A &#8211; Garantie 1 an<\/p><h3 style=\"text-align: center;\"><strong style=\"font-family: var(--headingsfontfamily),var(--nv-fallback-ff); font-size: var(--h1fontsize); letter-spacing: var(--h1letterspacing); text-transform: var(--h1texttransform); color: var( --e-global-color-text ); text-align: var(--text-align);\"><span style=\"color: #339966;\">400\u20ac<\/span><\/strong><\/h3>\t\t\t\t\t\t\t\t<\/div>\n\t\t\t\t<\/div>\n\t\t\t\t\t<\/div>\n\t\t\t\t<\/div>\n\t\t\t\t<\/div>\n\t\t","protected":false},"excerpt":{"rendered":"<p>Le coin des affaires Ordinateur micro tour reconditionn\u00e9 HP ProDesk 600 G2 &#8211; Intel Core i3 &#8211; Disque SSD 240Go &#8211; M\u00e9moire 8Go &#8211; Wifi Int\u00e9gr\u00e9 &#8211; Windows 10 Pro Clavier et souris inclus &#8211;\u00a0 Ecran en option 40\u20ac &#8211; Garantie 1 an 190\u20ac Ordinateur portable reconditionn\u00e9 HP ProBook 650 G2 &#8211; Processeur Intel Core&hellip;&nbsp;<a href=\"https:\/\/www.omega-info.com\/index.php\/affaires\/\" rel=\"bookmark\">Lire la suite &raquo;<span class=\"screen-reader-text\">Affaires<\/span><\/a><\/p>\n","protected":false},"author":2,"featured_media":0,"parent":0,"menu_order":0,"comment_status":"closed","ping_status":"closed","template":"page-templates\/template-pagebuilder-full-width.php","meta":{"neve_meta_sidebar":"","neve_meta_container":"","neve_meta_enable_content_width":"","neve_meta_content_width":0,"neve_meta_title_alignment":"","neve_meta_author_avatar":"","neve_post_elements_order":"","neve_meta_disable_header":"","neve_meta_disable_footer":"","neve_meta_disable_title":"","advanced_seo_description":"Omega Informatique - Vente - D\u00e9pannage - Formations - Professionnels - Particuliers","jetpack_seo_html_title":"Omega Informatique - Affaires","jetpack_seo_noindex":false,"_themeisle_gutenberg_block_has_review":false,"footnotes":""},"class_list":["post-1283","page","type-page","status-publish","hentry"],"jetpack_sharing_enabled":true,"_links":{"self":[{"href":"https:\/\/www.omega-info.com\/index.php\/wp-json\/wp\/v2\/pages\/1283","targetHints":{"allow":["GET"]}}],"collection":[{"href":"https:\/\/www.omega-info.com\/index.php\/wp-json\/wp\/v2\/pages"}],"about":[{"href":"https:\/\/www.omega-info.com\/index.php\/wp-json\/wp\/v2\/types\/page"}],"author":[{"embeddable":true,"href":"https:\/\/www.omega-info.com\/index.php\/wp-json\/wp\/v2\/users\/2"}],"replies":[{"embeddable":true,"href":"https:\/\/www.omega-info.com\/index.php\/wp-json\/wp\/v2\/comments?post=1283"}],"version-history":[{"count":91,"href":"https:\/\/www.omega-info.com\/index.php\/wp-json\/wp\/v2\/pages\/1283\/revisions"}],"predecessor-version":[{"id":1719,"href":"https:\/\/www.omega-info.com\/index.php\/wp-json\/wp\/v2\/pages\/1283\/revisions\/1719"}],"wp:attachment":[{"href":"https:\/\/www.omega-info.com\/index.php\/wp-json\/wp\/v2\/media?parent=1283"}],"curies":[{"name":"wp","href":"https:\/\/api.w.org\/{rel}","templated":true}]}}